{"id":43,"date":"2022-11-21T15:45:14","date_gmt":"2022-11-21T15:45:14","guid":{"rendered":"https:\/\/krusco.com.ve\/metalmecanica\/?page_id=43"},"modified":"2024-06-03T14:54:59","modified_gmt":"2024-06-03T14:54:59","slug":"contacto","status":"publish","type":"page","link":"https:\/\/krusco.com.ve\/index.php\/contacto\/","title":{"rendered":"Contacto"},"content":{"rendered":"\t\t<div data-elementor-type=\"wp-page\" data-elementor-id=\"43\" class=\"elementor elementor-43\">\n\t\t\t\t\t\t<section class=\"elementor-section elementor-top-section elementor-element elementor-element-3a580f5 elementor-section-boxed elementor-section-height-default elementor-section-height-default\" data-id=\"3a580f5\" data-element_type=\"section\" data-e-type=\"section\">\n\t\t\t\t\t\t<div class=\"elementor-container elementor-column-gap-default\">\n\t\t\t\t\t<div class=\"elementor-column elementor-col-100 elementor-top-column elementor-element elementor-element-3f573f6\" data-id=\"3f573f6\" data-element_type=\"column\" data-e-type=\"column\">\n\t\t\t<div class=\"elementor-widget-wrap elementor-element-populated\">\n\t\t\t\t\t\t<div class=\"elementor-element elementor-element-5dc0795 elementor-widget elementor-widget-heading\" data-id=\"5dc0795\" data-element_type=\"widget\" data-e-type=\"widget\" data-widget_type=\"heading.default\">\n\t\t\t\t<div class=\"elementor-widget-container\">\n\t\t\t\t\t<h2 class=\"elementor-heading-title elementor-size-default\">Necesitas un Silenciador?\n<\/h2>\t\t\t\t<\/div>\n\t\t\t\t<\/div>\n\t\t\t\t\t<\/div>\n\t\t<\/div>\n\t\t\t\t\t<\/div>\n\t\t<\/section>\n\t\t\t\t<section class=\"elementor-section elementor-top-section elementor-element elementor-element-47fda5f elementor-section-boxed elementor-section-height-default elementor-section-height-default\" data-id=\"47fda5f\" data-element_type=\"section\" data-e-type=\"section\">\n\t\t\t\t\t\t<div class=\"elementor-container elementor-column-gap-default\">\n\t\t\t\t\t<div class=\"elementor-column elementor-col-100 elementor-top-column elementor-element elementor-element-45b07b3\" data-id=\"45b07b3\" data-element_type=\"column\" data-e-type=\"column\">\n\t\t\t<div class=\"elementor-widget-wrap elementor-element-populated\">\n\t\t\t\t\t\t<div class=\"elementor-element elementor-element-8ad69c4 elementor-widget elementor-widget-heading\" data-id=\"8ad69c4\" data-element_type=\"widget\" data-e-type=\"widget\" data-widget_type=\"heading.default\">\n\t\t\t\t<div class=\"elementor-widget-container\">\n\t\t\t\t\t<h5 class=\"elementor-heading-title elementor-size-default\">Ub\u00edquenos en el siguiente mapa<\/h5>\t\t\t\t<\/div>\n\t\t\t\t<\/div>\n\t\t\t\t<div class=\"elementor-element elementor-element-b6039f9 elementor-widget elementor-widget-spacer\" data-id=\"b6039f9\" data-element_type=\"widget\" data-e-type=\"widget\" data-widget_type=\"spacer.default\">\n\t\t\t\t<div class=\"elementor-widget-container\">\n\t\t\t\t\t\t\t<div class=\"elementor-spacer\">\n\t\t\t<div class=\"elementor-spacer-inner\"><\/div>\n\t\t<\/div>\n\t\t\t\t\t\t<\/div>\n\t\t\t\t<\/div>\n\t\t\t\t\t<\/div>\n\t\t<\/div>\n\t\t\t\t\t<\/div>\n\t\t<\/section>\n\t\t\t\t<section class=\"elementor-section elementor-top-section elementor-element elementor-element-4ecc4cd elementor-section-boxed elementor-section-height-default elementor-section-height-default\" data-id=\"4ecc4cd\" data-element_type=\"section\" data-e-type=\"section\">\n\t\t\t\t\t\t<div class=\"elementor-container elementor-column-gap-default\">\n\t\t\t\t\t<div class=\"elementor-column elementor-col-100 elementor-top-column elementor-element elementor-element-ec804c2\" data-id=\"ec804c2\" data-element_type=\"column\" data-e-type=\"column\">\n\t\t\t<div class=\"elementor-widget-wrap elementor-element-populated\">\n\t\t\t\t\t\t<div class=\"elementor-element elementor-element-4d625d3 elementor-widget elementor-widget-shortcode\" data-id=\"4d625d3\" data-element_type=\"widget\" data-e-type=\"widget\" data-widget_type=\"shortcode.default\">\n\t\t\t\t<div class=\"elementor-widget-container\">\n\t\t\t\t\t\t\t<div class=\"elementor-shortcode\"><iframe src=\"https:\/\/www.google.com\/maps\/embed?pb=!1m14!1m8!1m3!1d15708.880735504512!2d-66.8944377!3d10.1627498!3m2!1i1024!2i768!4f13.1!3m3!1m2!1s0x0%3A0x326da2497a79cbd4!2sMetalmecanica%20Krusco!5e0!3m2!1ses-419!2sve!4v1670434116929!5m2!1ses-419!2sve\" width=\"600\" height=\"450\" style=\"border:0;\" allowfullscreen=\"\" loading=\"lazy\" referrerpolicy=\"no-referrer-when-downgrade\"><\/iframe><\/div>\n\t\t\t\t\t\t<\/div>\n\t\t\t\t<\/div>\n\t\t\t\t\t<\/div>\n\t\t<\/div>\n\t\t\t\t\t<\/div>\n\t\t<\/section>\n\t\t\t\t<section class=\"elementor-section elementor-top-section elementor-element elementor-element-fe4442d elementor-section-boxed elementor-section-height-default elementor-section-height-default\" data-id=\"fe4442d\" data-element_type=\"section\" data-e-type=\"section\">\n\t\t\t\t\t\t<div class=\"elementor-container elementor-column-gap-default\">\n\t\t\t\t\t<div class=\"elementor-column elementor-col-100 elementor-top-column elementor-element elementor-element-494e0b6\" data-id=\"494e0b6\" data-element_type=\"column\" data-e-type=\"column\">\n\t\t\t<div class=\"elementor-widget-wrap elementor-element-populated\">\n\t\t\t\t\t\t<div class=\"elementor-element elementor-element-cb82c50 elementor-widget elementor-widget-spacer\" data-id=\"cb82c50\" data-element_type=\"widget\" data-e-type=\"widget\" data-widget_type=\"spacer.default\">\n\t\t\t\t<div class=\"elementor-widget-container\">\n\t\t\t\t\t\t\t<div class=\"elementor-spacer\">\n\t\t\t<div class=\"elementor-spacer-inner\"><\/div>\n\t\t<\/div>\n\t\t\t\t\t\t<\/div>\n\t\t\t\t<\/div>\n\t\t\t\t\t<\/div>\n\t\t<\/div>\n\t\t\t\t\t<\/div>\n\t\t<\/section>\n\t\t\t\t<section class=\"elementor-section elementor-top-section elementor-element elementor-element-ce2f484 elementor-section-boxed elementor-section-height-default elementor-section-height-default\" data-id=\"ce2f484\" data-element_type=\"section\" data-e-type=\"section\">\n\t\t\t\t\t\t<div class=\"elementor-container elementor-column-gap-default\">\n\t\t\t\t\t<div class=\"elementor-column elementor-col-100 elementor-top-column elementor-element elementor-element-3e66b47\" data-id=\"3e66b47\" data-element_type=\"column\" data-e-type=\"column\">\n\t\t\t<div class=\"elementor-widget-wrap elementor-element-populated\">\n\t\t\t\t\t\t<div class=\"elementor-element elementor-element-75d433d elementor-widget elementor-widget-heading\" data-id=\"75d433d\" data-element_type=\"widget\" data-e-type=\"widget\" data-widget_type=\"heading.default\">\n\t\t\t\t<div class=\"elementor-widget-container\">\n\t\t\t\t\t<h3 class=\"elementor-heading-title elementor-size-medium\">Para mas informaci\u00f3n.<\/h3>\t\t\t\t<\/div>\n\t\t\t\t<\/div>\n\t\t\t\t\t<\/div>\n\t\t<\/div>\n\t\t\t\t\t<\/div>\n\t\t<\/section>\n\t\t\t\t<section class=\"elementor-section elementor-top-section elementor-element elementor-element-c609360 elementor-section-boxed elementor-section-height-default elementor-section-height-default\" data-id=\"c609360\" data-element_type=\"section\" data-e-type=\"section\">\n\t\t\t\t\t\t<div class=\"elementor-container elementor-column-gap-default\">\n\t\t\t\t\t<div class=\"elementor-column elementor-col-100 elementor-top-column elementor-element elementor-element-cda64f2\" data-id=\"cda64f2\" data-element_type=\"column\" data-e-type=\"column\">\n\t\t\t<div class=\"elementor-widget-wrap elementor-element-populated\">\n\t\t\t\t\t\t<div class=\"elementor-element elementor-element-f8bbed0 elementor-widget elementor-widget-text-editor\" data-id=\"f8bbed0\" data-element_type=\"widget\" data-e-type=\"widget\" data-widget_type=\"text-editor.default\">\n\t\t\t\t<div class=\"elementor-widget-container\">\n\t\t\t\t\t\t\t\t\t<p><img decoding=\"async\" class=\"alignnone wp-image-484\" src=\"https:\/\/krusco.com.ve\/wp-content\/uploads\/2022\/12\/5a452570546ddca7e1fcbc7d-296x300.png\" alt=\"\" width=\"42\" height=\"43\" srcset=\"https:\/\/krusco.com.ve\/wp-content\/uploads\/2022\/12\/5a452570546ddca7e1fcbc7d-296x300.png 296w, https:\/\/krusco.com.ve\/wp-content\/uploads\/2022\/12\/5a452570546ddca7e1fcbc7d-150x150.png 150w, https:\/\/krusco.com.ve\/wp-content\/uploads\/2022\/12\/5a452570546ddca7e1fcbc7d-300x300.png 300w, https:\/\/krusco.com.ve\/wp-content\/uploads\/2022\/12\/5a452570546ddca7e1fcbc7d.png 337w\" sizes=\"(max-width: 42px) 100vw, 42px\" \/> <span style=\"color: #000000;\"><strong>Metalmec\u00e1nica Krusco<\/strong><\/span>\u00a0\u00a0<span style=\"color: #000000;\"> (0239) 2120913\/0911\u00a0 \u00a0 <\/span><img loading=\"lazy\" decoding=\"async\" class=\"alignnone wp-image-486\" src=\"https:\/\/krusco.com.ve\/wp-content\/uploads\/2022\/12\/584856bce0bb315b0f7675ad-300x300.png\" alt=\"\" width=\"38\" height=\"38\" srcset=\"https:\/\/krusco.com.ve\/wp-content\/uploads\/2022\/12\/584856bce0bb315b0f7675ad-300x300.png 300w, https:\/\/krusco.com.ve\/wp-content\/uploads\/2022\/12\/584856bce0bb315b0f7675ad-1024x1024.png 1024w, https:\/\/krusco.com.ve\/wp-content\/uploads\/2022\/12\/584856bce0bb315b0f7675ad-150x150.png 150w, https:\/\/krusco.com.ve\/wp-content\/uploads\/2022\/12\/584856bce0bb315b0f7675ad-768x768.png 768w, https:\/\/krusco.com.ve\/wp-content\/uploads\/2022\/12\/584856bce0bb315b0f7675ad-1536x1536.png 1536w, https:\/\/krusco.com.ve\/wp-content\/uploads\/2022\/12\/584856bce0bb315b0f7675ad-2048x2048.png 2048w, https:\/\/krusco.com.ve\/wp-content\/uploads\/2022\/12\/584856bce0bb315b0f7675ad-475x475.png 475w\" sizes=\"(max-width: 38px) 100vw, 38px\" \/> <span style=\"color: #000000;\">metalmecanicak@gmail.com\/e.perez@krusco.com.ve<\/span><\/p><p><img loading=\"lazy\" decoding=\"async\" class=\"alignnone wp-image-484\" src=\"https:\/\/krusco.com.ve\/wp-content\/uploads\/2022\/12\/5a452570546ddca7e1fcbc7d-296x300.png\" alt=\"\" width=\"44\" height=\"44\" srcset=\"https:\/\/krusco.com.ve\/wp-content\/uploads\/2022\/12\/5a452570546ddca7e1fcbc7d-296x300.png 296w, https:\/\/krusco.com.ve\/wp-content\/uploads\/2022\/12\/5a452570546ddca7e1fcbc7d-150x150.png 150w, https:\/\/krusco.com.ve\/wp-content\/uploads\/2022\/12\/5a452570546ddca7e1fcbc7d-300x300.png 300w, https:\/\/krusco.com.ve\/wp-content\/uploads\/2022\/12\/5a452570546ddca7e1fcbc7d.png 337w\" sizes=\"(max-width: 44px) 100vw, 44px\" \/>\u00a0<span style=\"color: #000000;\"><b>Taller<\/b><\/span>\u00a0 \u00a0 \u00a0 \u00a0 \u00a0 \u00a0 \u00a0 \u00a0 \u00a0 \u00a0 \u00a0 \u00a0 \u00a0<span style=\"color: #000000;\">\u00a0 \u00a0 \u00a0 \u00a0 \u00a0 (0239) 2126827\u00a0 \u00a0 \u00a0 \u00a0 \u00a0 \u00a0 \u00a0 <img loading=\"lazy\" decoding=\"async\" class=\"alignnone wp-image-486\" src=\"https:\/\/krusco.com.ve\/wp-content\/uploads\/2022\/12\/584856bce0bb315b0f7675ad-300x300.png\" alt=\"\" width=\"41\" height=\"41\" srcset=\"https:\/\/krusco.com.ve\/wp-content\/uploads\/2022\/12\/584856bce0bb315b0f7675ad-300x300.png 300w, https:\/\/krusco.com.ve\/wp-content\/uploads\/2022\/12\/584856bce0bb315b0f7675ad-1024x1024.png 1024w, https:\/\/krusco.com.ve\/wp-content\/uploads\/2022\/12\/584856bce0bb315b0f7675ad-150x150.png 150w, https:\/\/krusco.com.ve\/wp-content\/uploads\/2022\/12\/584856bce0bb315b0f7675ad-768x768.png 768w, https:\/\/krusco.com.ve\/wp-content\/uploads\/2022\/12\/584856bce0bb315b0f7675ad-1536x1536.png 1536w, https:\/\/krusco.com.ve\/wp-content\/uploads\/2022\/12\/584856bce0bb315b0f7675ad-2048x2048.png 2048w, https:\/\/krusco.com.ve\/wp-content\/uploads\/2022\/12\/584856bce0bb315b0f7675ad-475x475.png 475w\" sizes=\"(max-width: 41px) 100vw, 41px\" \/>\u00a0e.perez@krusco.com.ve<\/span><\/p>\t\t\t\t\t\t\t\t<\/div>\n\t\t\t\t<\/div>\n\t\t\t\t\t<\/div>\n\t\t<\/div>\n\t\t\t\t\t<\/div>\n\t\t<\/section>\n\t\t\t\t<section class=\"elementor-section elementor-top-section elementor-element elementor-element-3450075 elementor-section-boxed elementor-section-height-default elementor-section-height-default\" data-id=\"3450075\" data-element_type=\"section\" data-e-type=\"section\">\n\t\t\t\t\t\t<div class=\"elementor-container elementor-column-gap-default\">\n\t\t\t\t\t<div class=\"elementor-column elementor-col-100 elementor-top-column elementor-element elementor-element-def66e3\" data-id=\"def66e3\" data-element_type=\"column\" data-e-type=\"column\">\n\t\t\t<div class=\"elementor-widget-wrap elementor-element-populated\">\n\t\t\t\t\t\t<div class=\"elementor-element elementor-element-143c48c elementor-widget elementor-widget-spacer\" data-id=\"143c48c\" data-element_type=\"widget\" data-e-type=\"widget\" data-widget_type=\"spacer.default\">\n\t\t\t\t<div class=\"elementor-widget-container\">\n\t\t\t\t\t\t\t<div class=\"elementor-spacer\">\n\t\t\t<div class=\"elementor-spacer-inner\"><\/div>\n\t\t<\/div>\n\t\t\t\t\t\t<\/div>\n\t\t\t\t<\/div>\n\t\t\t\t\t<\/div>\n\t\t<\/div>\n\t\t\t\t\t<\/div>\n\t\t<\/section>\n\t\t\t\t<section class=\"elementor-section elementor-top-section elementor-element elementor-element-74f263b elementor-section-boxed elementor-section-height-default elementor-section-height-default\" data-id=\"74f263b\" data-element_type=\"section\" data-e-type=\"section\">\n\t\t\t\t\t\t<div class=\"elementor-container elementor-column-gap-default\">\n\t\t\t\t\t<div class=\"elementor-column elementor-col-33 elementor-top-column elementor-element elementor-element-98a87ee\" data-id=\"98a87ee\" data-element_type=\"column\" data-e-type=\"column\">\n\t\t\t<div class=\"elementor-widget-wrap elementor-element-populated\">\n\t\t\t\t\t\t<div class=\"elementor-element elementor-element-d8bf269 elementor-widget elementor-widget-heading\" data-id=\"d8bf269\" data-element_type=\"widget\" data-e-type=\"widget\" data-widget_type=\"heading.default\">\n\t\t\t\t<div class=\"elementor-widget-container\">\n\t\t\t\t\t<h4 class=\"elementor-heading-title elementor-size-large\">\u00a1S\u00edguenos en  Nuestras \nRedes Sociales!<\/h4>\t\t\t\t<\/div>\n\t\t\t\t<\/div>\n\t\t\t\t\t<\/div>\n\t\t<\/div>\n\t\t\t\t<div class=\"elementor-column elementor-col-66 elementor-top-column elementor-element elementor-element-ffa85c8\" data-id=\"ffa85c8\" data-element_type=\"column\" data-e-type=\"column\">\n\t\t\t<div class=\"elementor-widget-wrap elementor-element-populated\">\n\t\t\t\t\t\t<div class=\"elementor-element elementor-element-a96e94c elementor-widget elementor-widget-wp-widget-text\" data-id=\"a96e94c\" data-element_type=\"widget\" data-e-type=\"widget\" data-widget_type=\"wp-widget-text.default\">\n\t\t\t\t<div class=\"elementor-widget-container\">\n\t\t\t\t\t\t\t\t<div class=\"textwidget\"><p><a href=\"https:\/\/www.facebook.com\/metalmecanicak\"><img loading=\"lazy\" decoding=\"async\" class=\"alignnone  wp-image-450\" src=\"https:\/\/krusco.com.ve\/wp-content\/uploads\/2022\/12\/La_cadena_de_sushi_mas_grande_de_Chile-removebg-preview-300x300.png\" alt=\"\" width=\"109\" height=\"109\" srcset=\"https:\/\/krusco.com.ve\/wp-content\/uploads\/2022\/12\/La_cadena_de_sushi_mas_grande_de_Chile-removebg-preview-300x300.png 300w, https:\/\/krusco.com.ve\/wp-content\/uploads\/2022\/12\/La_cadena_de_sushi_mas_grande_de_Chile-removebg-preview-150x150.png 150w, https:\/\/krusco.com.ve\/wp-content\/uploads\/2022\/12\/La_cadena_de_sushi_mas_grande_de_Chile-removebg-preview-475x475.png 475w, https:\/\/krusco.com.ve\/wp-content\/uploads\/2022\/12\/La_cadena_de_sushi_mas_grande_de_Chile-removebg-preview.png 500w\" sizes=\"(max-width: 109px) 100vw, 109px\" \/><\/a>\u00a0 \u00a0 <a href=\"https:\/\/www.instagram.com\/metalmecanica_krusco\/\"><img loading=\"lazy\" decoding=\"async\" class=\"wp-image-451 alignnone\" src=\"https:\/\/krusco.com.ve\/wp-content\/uploads\/2022\/12\/Iconos-gratuitos-de-Instagram-disenados-por-Grow-studio-300x300.png\" alt=\"\" width=\"104\" height=\"104\" srcset=\"https:\/\/krusco.com.ve\/wp-content\/uploads\/2022\/12\/Iconos-gratuitos-de-Instagram-disenados-por-Grow-studio-300x300.png 300w, https:\/\/krusco.com.ve\/wp-content\/uploads\/2022\/12\/Iconos-gratuitos-de-Instagram-disenados-por-Grow-studio-150x150.png 150w, https:\/\/krusco.com.ve\/wp-content\/uploads\/2022\/12\/Iconos-gratuitos-de-Instagram-disenados-por-Grow-studio-475x475.png 475w, https:\/\/krusco.com.ve\/wp-content\/uploads\/2022\/12\/Iconos-gratuitos-de-Instagram-disenados-por-Grow-studio.png 512w\" sizes=\"(max-width: 104px) 100vw, 104px\" \/><\/a><\/p>\n<\/div>\n\t\t\t\t\t\t<\/div>\n\t\t\t\t<\/div>\n\t\t\t\t\t<\/div>\n\t\t<\/div>\n\t\t\t\t\t<\/div>\n\t\t<\/section>\n\t\t\t\t<section class=\"elementor-section elementor-top-section elementor-element elementor-element-a0bcbb2 elementor-section-boxed elementor-section-height-default elementor-section-height-default\" data-id=\"a0bcbb2\" data-element_type=\"section\" data-e-type=\"section\">\n\t\t\t\t\t\t<div class=\"elementor-container elementor-column-gap-default\">\n\t\t\t\t\t<div class=\"elementor-column elementor-col-100 elementor-top-column elementor-element elementor-element-ce99c37\" data-id=\"ce99c37\" data-element_type=\"column\" data-e-type=\"column\">\n\t\t\t<div class=\"elementor-widget-wrap elementor-element-populated\">\n\t\t\t\t\t\t<div class=\"elementor-element elementor-element-142e7a3 elementor-widget elementor-widget-spacer\" data-id=\"142e7a3\" data-element_type=\"widget\" data-e-type=\"widget\" data-widget_type=\"spacer.default\">\n\t\t\t\t<div class=\"elementor-widget-container\">\n\t\t\t\t\t\t\t<div class=\"elementor-spacer\">\n\t\t\t<div class=\"elementor-spacer-inner\"><\/div>\n\t\t<\/div>\n\t\t\t\t\t\t<\/div>\n\t\t\t\t<\/div>\n\t\t\t\t\t<\/div>\n\t\t<\/div>\n\t\t\t\t\t<\/div>\n\t\t<\/section>\n\t\t\t\t<section class=\"elementor-section elementor-top-section elementor-element elementor-element-2f15f67 elementor-section-boxed elementor-section-height-default elementor-section-height-default\" data-id=\"2f15f67\" data-element_type=\"section\" data-e-type=\"section\">\n\t\t\t\t\t\t<div class=\"elementor-container elementor-column-gap-default\">\n\t\t\t\t\t<div class=\"elementor-column elementor-col-100 elementor-top-column elementor-element elementor-element-a957c52\" data-id=\"a957c52\" data-element_type=\"column\" data-e-type=\"column\">\n\t\t\t<div class=\"elementor-widget-wrap elementor-element-populated\">\n\t\t\t\t\t\t<div class=\"elementor-element elementor-element-a2b1aed elementor-widget elementor-widget-text-editor\" data-id=\"a2b1aed\" data-element_type=\"widget\" data-e-type=\"widget\" data-widget_type=\"text-editor.default\">\n\t\t\t\t<div class=\"elementor-widget-container\">\n\t\t\t\t\t\t\t\t\t<p><strong>Av. Los Proceres, Sector Aparay, PB. N\u00b01. Zona Industrial Marin I. Zona Postal 1211. C\u00faa, Edo. Miranda Venezuela.<\/strong><\/p>\t\t\t\t\t\t\t\t<\/div>\n\t\t\t\t<\/div>\n\t\t\t\t\t<\/div>\n\t\t<\/div>\n\t\t\t\t\t<\/div>\n\t\t<\/section>\n\t\t\t\t<\/div>\n\t\t","protected":false},"excerpt":{"rendered":"<p>Necesitas un Silenciador? Ub\u00edquenos en el siguiente mapa Para mas informaci\u00f3n. Metalmec\u00e1nica Krusco\u00a0\u00a0 (0239) 2120913\/0911\u00a0 \u00a0 metalmecanicak@gmail.com\/e.perez@krusco.com.ve \u00a0Taller\u00a0 \u00a0 \u00a0 \u00a0 \u00a0 \u00a0 \u00a0 \u00a0 \u00a0 \u00a0 \u00a0 \u00a0 \u00a0\u00a0 \u00a0 \u00a0 \u00a0 \u00a0 (0239) 2126827\u00a0 \u00a0 \u00a0 \u00a0 \u00a0 \u00a0 \u00a0 \u00a0e.perez@krusco.com.ve \u00a1S\u00edguenos en Nuestras Redes Sociales! Av. Los&hellip;<\/p>\n","protected":false},"author":1,"featured_media":0,"parent":0,"menu_order":0,"comment_status":"closed","ping_status":"closed","template":"","meta":{"_eb_attr":"","footnotes":""},"class_list":["post-43","page","type-page","status-publish","hentry"],"_links":{"self":[{"href":"https:\/\/krusco.com.ve\/index.php\/wp-json\/wp\/v2\/pages\/43","targetHints":{"allow":["GET"]}}],"collection":[{"href":"https:\/\/krusco.com.ve\/index.php\/wp-json\/wp\/v2\/pages"}],"about":[{"href":"https:\/\/krusco.com.ve\/index.php\/wp-json\/wp\/v2\/types\/page"}],"author":[{"embeddable":true,"href":"https:\/\/krusco.com.ve\/index.php\/wp-json\/wp\/v2\/users\/1"}],"replies":[{"embeddable":true,"href":"https:\/\/krusco.com.ve\/index.php\/wp-json\/wp\/v2\/comments?post=43"}],"version-history":[{"count":46,"href":"https:\/\/krusco.com.ve\/index.php\/wp-json\/wp\/v2\/pages\/43\/revisions"}],"predecessor-version":[{"id":643,"href":"https:\/\/krusco.com.ve\/index.php\/wp-json\/wp\/v2\/pages\/43\/revisions\/643"}],"wp:attachment":[{"href":"https:\/\/krusco.com.ve\/index.php\/wp-json\/wp\/v2\/media?parent=43"}],"curies":[{"name":"wp","href":"https:\/\/api.w.org\/{rel}","templated":true}]}}