{"id":39,"date":"2022-11-21T15:45:14","date_gmt":"2022-11-21T15:45:14","guid":{"rendered":"https:\/\/krusco.com.ve\/metalmecanica\/?page_id=39"},"modified":"2022-12-05T17:45:56","modified_gmt":"2022-12-05T17:45:56","slug":"nosotros","status":"publish","type":"page","link":"https:\/\/krusco.com.ve\/index.php\/nosotros\/","title":{"rendered":"Nosotros"},"content":{"rendered":"\t\t<div data-elementor-type=\"wp-page\" data-elementor-id=\"39\" class=\"elementor elementor-39\">\n\t\t\t\t\t\t<section class=\"elementor-section elementor-top-section elementor-element elementor-element-5266ca2 elementor-section-boxed elementor-section-height-default elementor-section-height-default\" data-id=\"5266ca2\" data-element_type=\"section\" data-e-type=\"section\">\n\t\t\t\t\t\t<div class=\"elementor-container elementor-column-gap-default\">\n\t\t\t\t\t<div class=\"elementor-column elementor-col-100 elementor-top-column elementor-element elementor-element-ec98a56\" data-id=\"ec98a56\" data-element_type=\"column\" data-e-type=\"column\">\n\t\t\t<div class=\"elementor-widget-wrap elementor-element-populated\">\n\t\t\t\t\t\t<div class=\"elementor-element elementor-element-3501d57 elementor-widget elementor-widget-spacer\" data-id=\"3501d57\" data-element_type=\"widget\" data-e-type=\"widget\" data-widget_type=\"spacer.default\">\n\t\t\t\t<div class=\"elementor-widget-container\">\n\t\t\t\t\t\t\t<div class=\"elementor-spacer\">\n\t\t\t<div class=\"elementor-spacer-inner\"><\/div>\n\t\t<\/div>\n\t\t\t\t\t\t<\/div>\n\t\t\t\t<\/div>\n\t\t\t\t\t<\/div>\n\t\t<\/div>\n\t\t\t\t\t<\/div>\n\t\t<\/section>\n\t\t\t\t<section class=\"elementor-section elementor-top-section elementor-element elementor-element-91c2e7e elementor-section-boxed elementor-section-height-default elementor-section-height-default\" data-id=\"91c2e7e\" data-element_type=\"section\" data-e-type=\"section\">\n\t\t\t\t\t\t<div class=\"elementor-container elementor-column-gap-default\">\n\t\t\t\t\t<div class=\"elementor-column elementor-col-33 elementor-top-column elementor-element elementor-element-1feeb8d\" data-id=\"1feeb8d\" data-element_type=\"column\" data-e-type=\"column\">\n\t\t\t<div class=\"elementor-widget-wrap elementor-element-populated\">\n\t\t\t\t\t\t<div class=\"elementor-element elementor-element-251841d elementor-widget elementor-widget-image\" data-id=\"251841d\" data-element_type=\"widget\" data-e-type=\"widget\" data-widget_type=\"image.default\">\n\t\t\t\t<div class=\"elementor-widget-container\">\n\t\t\t\t\t\t\t\t\t\t\t\t\t\t\t<img fetchpriority=\"high\" decoding=\"async\" width=\"350\" height=\"373\" src=\"https:\/\/krusco.com.ve\/wp-content\/uploads\/2022\/12\/SILENCIADPR-350x373.png\" class=\"attachment-construction-light-team size-construction-light-team wp-image-409\" alt=\"\" \/>\t\t\t\t\t\t\t\t\t\t\t\t\t\t\t<\/div>\n\t\t\t\t<\/div>\n\t\t\t\t\t<\/div>\n\t\t<\/div>\n\t\t\t\t<div class=\"elementor-column elementor-col-66 elementor-top-column elementor-element elementor-element-6855d54\" data-id=\"6855d54\" data-element_type=\"column\" data-e-type=\"column\">\n\t\t\t<div class=\"elementor-widget-wrap elementor-element-populated\">\n\t\t\t\t\t\t<div class=\"elementor-element elementor-element-3428ac1 elementor-widget elementor-widget-text-editor\" data-id=\"3428ac1\" data-element_type=\"widget\" data-e-type=\"widget\" data-widget_type=\"text-editor.default\">\n\t\t\t\t<div class=\"elementor-widget-container\">\n\t\t\t\t\t\t\t\t\t<p><span style=\"color: #000000;\"><strong>HISTORIA<\/strong><\/span><\/p><p><span style=\"color: #000000;\">M\u00e1s de 40 a\u00f1os fabricando sistemas de escape para OEM y posventa Industrias Doker S.A.,\u00a0 \u00a0 \u00a0 \u00a0 \u00a0 \u00a0 \u00a0 Su antecesor, fue el fabricante l\u00edder del mercado en las d\u00e9cadas de los 80 y 90.\u00a0 \u00a0 \u00a0 \u00a0 \u00a0 \u00a0 \u00a0 \u00a0 \u00a0 \u00a0 \u00a0 \u00a0 \u00a0 \u00a0 \u00a0 \u00a0 \u00a0 \u00a0 \u00a0 \u00a0A principios de 2007, Doker S.A se convierte en Metalmec\u00e1nica Krusco C.A.<\/span><\/p><p><span style=\"color: #000000;\">En 2010 Metalmec\u00e1nica Krusco C.A diversific\u00f3 sus operaciones al incorporar tres nuevas unidades de negocio, tales como:<\/span><\/p><ul><li><span style=\"color: #000000;\">Piezas de estampado de metal<\/span><\/li><li><span style=\"color: #000000;\">Tubos de acero<\/span><\/li><\/ul><p><span style=\"color: #000000;\">Servicios de pintura electrost\u00e1tica<\/span><\/p>\t\t\t\t\t\t\t\t<\/div>\n\t\t\t\t<\/div>\n\t\t\t\t\t<\/div>\n\t\t<\/div>\n\t\t\t\t\t<\/div>\n\t\t<\/section>\n\t\t\t\t<section class=\"elementor-section elementor-top-section elementor-element elementor-element-59f548a elementor-section-boxed elementor-section-height-default elementor-section-height-default\" data-id=\"59f548a\" data-element_type=\"section\" data-e-type=\"section\">\n\t\t\t\t\t\t<div class=\"elementor-container elementor-column-gap-default\">\n\t\t\t\t\t<div class=\"elementor-column elementor-col-66 elementor-top-column elementor-element elementor-element-38365c9\" data-id=\"38365c9\" data-element_type=\"column\" data-e-type=\"column\">\n\t\t\t<div class=\"elementor-widget-wrap elementor-element-populated\">\n\t\t\t\t\t\t<div class=\"elementor-element elementor-element-442b2b8 elementor-widget elementor-widget-text-editor\" data-id=\"442b2b8\" data-element_type=\"widget\" data-e-type=\"widget\" data-widget_type=\"text-editor.default\">\n\t\t\t\t<div class=\"elementor-widget-container\">\n\t\t\t\t\t\t\t\t\t<p><strong>Metalmec\u00e1nica Krusco C.A.<\/strong> fabrica productos metalmec\u00e1nicos con altos est\u00e1ndares de calidad, integrando: tecnolog\u00eda, sistemas avanzados y recursos humanos para asegurar la optimizaci\u00f3n de los recursos, el desarrollo continuo de la organizaci\u00f3n y la satisfacci\u00f3n de nuestros clientes, proveedores, trabajadores y accionistas.<\/p><p><b>Pol\u00edtica<\/b><strong>\u00a0de calidad <\/strong><\/p><p><span class=\"Y2IQFc\" lang=\"es\">Satisfacer a nuestros clientes proporcionando productos de alta calidad a trav\u00e9s de la mejora continua en nuestros procesos de fabricaci\u00f3n, la competitividad en el mercado y el uso de empleados y trabajadores altamente capacitados y motivados, en armon\u00eda con la sociedad y el medio ambiente.<\/span><\/p><p>\u00a0<\/p><p>\u00a0<\/p><p>\u00a0<\/p>\t\t\t\t\t\t\t\t<\/div>\n\t\t\t\t<\/div>\n\t\t\t\t\t<\/div>\n\t\t<\/div>\n\t\t\t\t<div class=\"elementor-column elementor-col-33 elementor-top-column elementor-element elementor-element-03d340f\" data-id=\"03d340f\" data-element_type=\"column\" data-e-type=\"column\">\n\t\t\t<div class=\"elementor-widget-wrap elementor-element-populated\">\n\t\t\t\t\t\t<div class=\"elementor-element elementor-element-6d42c09 elementor-widget elementor-widget-image\" data-id=\"6d42c09\" data-element_type=\"widget\" data-e-type=\"widget\" data-widget_type=\"image.default\">\n\t\t\t\t<div class=\"elementor-widget-container\">\n\t\t\t\t\t\t\t\t\t\t\t\t\t\t\t<img decoding=\"async\" width=\"300\" height=\"224\" src=\"https:\/\/krusco.com.ve\/wp-content\/uploads\/2022\/12\/sasas.jpg\" class=\"attachment-large size-large wp-image-411\" alt=\"\" \/>\t\t\t\t\t\t\t\t\t\t\t\t\t\t\t<\/div>\n\t\t\t\t<\/div>\n\t\t\t\t\t<\/div>\n\t\t<\/div>\n\t\t\t\t\t<\/div>\n\t\t<\/section>\n\t\t\t\t<section class=\"elementor-section elementor-top-section elementor-element elementor-element-64f8dc1 elementor-section-boxed elementor-section-height-default elementor-section-height-default\" data-id=\"64f8dc1\" data-element_type=\"section\" data-e-type=\"section\">\n\t\t\t\t\t\t<div class=\"elementor-container elementor-column-gap-default\">\n\t\t\t\t\t<div class=\"elementor-column elementor-col-50 elementor-top-column elementor-element elementor-element-b7a2500\" data-id=\"b7a2500\" data-element_type=\"column\" data-e-type=\"column\">\n\t\t\t<div class=\"elementor-widget-wrap elementor-element-populated\">\n\t\t\t\t\t\t<div class=\"elementor-element elementor-element-528bb29 elementor-widget elementor-widget-image\" data-id=\"528bb29\" data-element_type=\"widget\" data-e-type=\"widget\" data-widget_type=\"image.default\">\n\t\t\t\t<div class=\"elementor-widget-container\">\n\t\t\t\t\t\t\t\t\t\t\t\t\t\t\t<img decoding=\"async\" width=\"450\" height=\"253\" src=\"https:\/\/krusco.com.ve\/wp-content\/uploads\/2022\/12\/mision_vision_y_valores.png\" class=\"attachment-large size-large wp-image-428\" alt=\"\" srcset=\"https:\/\/krusco.com.ve\/wp-content\/uploads\/2022\/12\/mision_vision_y_valores.png 450w, https:\/\/krusco.com.ve\/wp-content\/uploads\/2022\/12\/mision_vision_y_valores-300x169.png 300w\" sizes=\"(max-width: 450px) 100vw, 450px\" \/>\t\t\t\t\t\t\t\t\t\t\t\t\t\t\t<\/div>\n\t\t\t\t<\/div>\n\t\t\t\t\t<\/div>\n\t\t<\/div>\n\t\t\t\t<div class=\"elementor-column elementor-col-50 elementor-top-column elementor-element elementor-element-c0360cd\" data-id=\"c0360cd\" data-element_type=\"column\" data-e-type=\"column\">\n\t\t\t<div class=\"elementor-widget-wrap elementor-element-populated\">\n\t\t\t\t\t\t<div class=\"elementor-element elementor-element-b2e171a elementor-widget elementor-widget-text-editor\" data-id=\"b2e171a\" data-element_type=\"widget\" data-e-type=\"widget\" data-widget_type=\"text-editor.default\">\n\t\t\t\t<div class=\"elementor-widget-container\">\n\t\t\t\t\t\t\t\t\t<p><span style=\"color: #000000;\"><strong>Misi\u00f3n<\/strong>:\u00a0<\/span><\/p><p><span style=\"color: #000000;\">Dise\u00f1ar, Producir y Comercializar sistemas de escape que satisfagan las necesidades de nuestros clientes, generando rentabilidad, Mejorando la calidad de vida de los trabajadores y contribuyendo con la conservaci\u00f3n del medio ambiente.<\/span><\/p><p><span style=\"color: #000000;\"><strong>Visi\u00f3n:<\/strong><\/span><\/p><p><span style=\"color: #000000;\">Consolidarnos como empresa l\u00edder en la manufactura de sistemas de escape en el mercado nacional e internacional<\/span><\/p>\t\t\t\t\t\t\t\t<\/div>\n\t\t\t\t<\/div>\n\t\t\t\t\t<\/div>\n\t\t<\/div>\n\t\t\t\t\t<\/div>\n\t\t<\/section>\n\t\t\t\t<section class=\"elementor-section elementor-top-section elementor-element elementor-element-b24bc4f elementor-section-boxed elementor-section-height-default elementor-section-height-default\" data-id=\"b24bc4f\" data-element_type=\"section\" data-e-type=\"section\">\n\t\t\t\t\t\t<div class=\"elementor-container elementor-column-gap-default\">\n\t\t\t\t\t<div class=\"elementor-column elementor-col-100 elementor-top-column elementor-element elementor-element-e34b31f\" data-id=\"e34b31f\" data-element_type=\"column\" data-e-type=\"column\">\n\t\t\t<div class=\"elementor-widget-wrap elementor-element-populated\">\n\t\t\t\t\t\t<div class=\"elementor-element elementor-element-4072ae9 elementor-widget elementor-widget-spacer\" data-id=\"4072ae9\" data-element_type=\"widget\" data-e-type=\"widget\" data-widget_type=\"spacer.default\">\n\t\t\t\t<div class=\"elementor-widget-container\">\n\t\t\t\t\t\t\t<div class=\"elementor-spacer\">\n\t\t\t<div class=\"elementor-spacer-inner\"><\/div>\n\t\t<\/div>\n\t\t\t\t\t\t<\/div>\n\t\t\t\t<\/div>\n\t\t\t\t\t<\/div>\n\t\t<\/div>\n\t\t\t\t\t<\/div>\n\t\t<\/section>\n\t\t\t\t<section class=\"elementor-section elementor-top-section elementor-element elementor-element-a23ceef elementor-section-boxed elementor-section-height-default elementor-section-height-default\" data-id=\"a23ceef\" data-element_type=\"section\" data-e-type=\"section\">\n\t\t\t\t\t\t<div class=\"elementor-container elementor-column-gap-default\">\n\t\t\t\t\t<div class=\"elementor-column elementor-col-100 elementor-top-column elementor-element elementor-element-3c15169\" data-id=\"3c15169\" data-element_type=\"column\" data-e-type=\"column\">\n\t\t\t<div class=\"elementor-widget-wrap elementor-element-populated\">\n\t\t\t\t\t\t<div class=\"elementor-element elementor-element-7b9f0e7 elementor-widget elementor-widget-animated-headline\" data-id=\"7b9f0e7\" data-element_type=\"widget\" data-e-type=\"widget\" data-widget_type=\"animated-headline.default\">\n\t\t\t\t<div class=\"elementor-widget-container\">\n\t\t\t\t\t \t\t\t\t<\/div>\n\t\t\t\t<\/div>\n\t\t\t\t\t<\/div>\n\t\t<\/div>\n\t\t\t\t\t<\/div>\n\t\t<\/section>\n\t\t\t\t<section class=\"elementor-section elementor-top-section elementor-element elementor-element-73c464b elementor-section-boxed elementor-section-height-default elementor-section-height-default\" data-id=\"73c464b\" data-element_type=\"section\" data-e-type=\"section\">\n\t\t\t\t\t\t<div class=\"elementor-container elementor-column-gap-default\">\n\t\t\t\t\t<div class=\"elementor-column elementor-col-100 elementor-top-column elementor-element elementor-element-651e4f7\" data-id=\"651e4f7\" data-element_type=\"column\" data-e-type=\"column\">\n\t\t\t<div class=\"elementor-widget-wrap elementor-element-populated\">\n\t\t\t\t\t\t<div class=\"elementor-element elementor-element-d20c4b0 elementor-widget elementor-widget-eael-adv-tabs\" data-id=\"d20c4b0\" data-element_type=\"widget\" data-e-type=\"widget\" data-widget_type=\"eael-adv-tabs.default\">\n\t\t\t\t<div class=\"elementor-widget-container\">\n\t\t\t\t\t        <div data-scroll-on-click=\"no\" data-scroll-speed=\"300\" id=\"eael-advance-tabs-d20c4b0\" class=\"eael-advance-tabs eael-tabs-horizontal eael-tab-auto-active \" data-tabid=\"d20c4b0\">\n            <div class=\"eael-tabs-nav \">\n                <ul class=\"eael-tab-inline-icon\" role=\"tablist\">\n                                            <li id=\"respeto\" class=\"inactive eael-tab-item-trigger eael-tab-nav-item\" aria-selected=\"true\" data-tab=\"1\" role=\"tab\" tabindex=\"0\" aria-controls=\"respeto-tab\" aria-expanded=\"false\">\n                            \n                                                        \n                                                            <span class=\"eael-tab-title title-after-icon\" >Respeto<\/span>                            \n                                                    <\/li>\n                                            <li id=\"compromiso\" class=\"inactive eael-tab-item-trigger eael-tab-nav-item\" aria-selected=\"false\" data-tab=\"2\" role=\"tab\" tabindex=\"-1\" aria-controls=\"compromiso-tab\" aria-expanded=\"false\">\n                            \n                                                                                                                            \n                                                            <span class=\"eael-tab-title title-after-icon\" >Compromiso<\/span>                            \n                                                    <\/li>\n                                            <li id=\"trabajo-en-equipo\" class=\"inactive eael-tab-item-trigger eael-tab-nav-item\" aria-selected=\"false\" data-tab=\"3\" role=\"tab\" tabindex=\"-1\" aria-controls=\"trabajo-en-equipo-tab\" aria-expanded=\"false\">\n                            \n                                                                <img decoding=\"async\" src=\"\" alt=\"\">\n                                                            \n                                                            <h2 class=\"eael-tab-title title-after-icon\" >Trabajo en equipo<\/h2>                            \n                                                    <\/li>\n                                            <li id=\"integridad\" class=\"inactive eael-tab-item-trigger eael-tab-nav-item\" aria-selected=\"false\" data-tab=\"4\" role=\"tab\" tabindex=\"-1\" aria-controls=\"integridad-tab\" aria-expanded=\"false\">\n                            \n                                                        \n                                                            <span class=\"eael-tab-title title-after-icon\" >Integridad<\/span>                            \n                                                    <\/li>\n                                            <li id=\"disciplina\" class=\"inactive eael-tab-item-trigger eael-tab-nav-item\" aria-selected=\"false\" data-tab=\"5\" role=\"tab\" tabindex=\"-1\" aria-controls=\"disciplina-tab\" aria-expanded=\"false\">\n                            \n                                                        \n                                                            <span class=\"eael-tab-title title-after-icon\" >Disciplina<\/span>                            \n                                                    <\/li>\n                    \n                                  <\/ul>\n            <\/div>\n            \n            <div class=\"eael-tabs-content\">\n\t\t        \n                    <div id=\"respeto-tab\" class=\"clearfix eael-tab-content-item inactive\" data-title-link=\"respeto-tab\">\n\t\t\t\t        <p>A nuestros compa\u00f1eros, a nuestros clientes y a nuestros proveedores a quienes tratamos de la misma manera en que queremos ser tratados. Creemos que trabajamos mejor cuando existe un ambiente basado en la equidad y la justicia.<\/p><p>\u00a0<\/p>                    <\/div>\n\t\t        \n                    <div id=\"compromiso-tab\" class=\"clearfix eael-tab-content-item inactive\" data-title-link=\"compromiso-tab\">\n\t\t\t\t        <p>Nos Sentimos identificados con la empresa. Usamos a plenitud nuestras capacidades para lograr \u00e9xito siendo eficaces en un marco de \u00e9tica y profesionalismo.<\/p>                    <\/div>\n\t\t        \n                    <div id=\"trabajo-en-equipo-tab\" class=\"clearfix eael-tab-content-item inactive\" data-title-link=\"trabajo-en-equipo-tab\">\n\t\t\t\t        <p>Creemos en la participaci\u00f3n conjunta de nuestros trabajadores para el logro de los objetivos de la empresa, bas\u00e1ndonos en una comunicaci\u00f3n efectiva dentro de un ambiente de respeto y tolerancia a las ideas.<\/p>                    <\/div>\n\t\t        \n                    <div id=\"integridad-tab\" class=\"clearfix eael-tab-content-item inactive\" data-title-link=\"integridad-tab\">\n\t\t\t\t        <p>Asumimos como principios de conducta la responsabilidad, la Justicia, la Honestidad y la \u00e9tica como fundamento del \u00e9xito.<\/p>                    <\/div>\n\t\t        \n                    <div id=\"disciplina-tab\" class=\"clearfix eael-tab-content-item inactive\" data-title-link=\"disciplina-tab\">\n\t\t\t\t        <p>Cumplimos por Convicci\u00f3n con nuestras obligaciones respetando las pol\u00edticas , normas y procedimientos de la empresa.<\/p>                    <\/div>\n\t\t                    <\/div>\n        <\/div>\n\t\t\t\t<\/div>\n\t\t\t\t<\/div>\n\t\t\t\t\t<\/div>\n\t\t<\/div>\n\t\t\t\t\t<\/div>\n\t\t<\/section>\n\t\t\t\t<section class=\"elementor-section elementor-top-section elementor-element elementor-element-45e09b9 elementor-section-boxed elementor-section-height-default elementor-section-height-default\" data-id=\"45e09b9\" data-element_type=\"section\" data-e-type=\"section\">\n\t\t\t\t\t\t<div class=\"elementor-container elementor-column-gap-default\">\n\t\t\t\t\t<div class=\"elementor-column elementor-col-100 elementor-top-column elementor-element elementor-element-8ac5f02\" data-id=\"8ac5f02\" data-element_type=\"column\" data-e-type=\"column\">\n\t\t\t<div class=\"elementor-widget-wrap elementor-element-populated\">\n\t\t\t\t\t\t<div class=\"elementor-element elementor-element-b1ca59d elementor-widget elementor-widget-spacer\" data-id=\"b1ca59d\" data-element_type=\"widget\" data-e-type=\"widget\" data-widget_type=\"spacer.default\">\n\t\t\t\t<div class=\"elementor-widget-container\">\n\t\t\t\t\t\t\t<div class=\"elementor-spacer\">\n\t\t\t<div class=\"elementor-spacer-inner\"><\/div>\n\t\t<\/div>\n\t\t\t\t\t\t<\/div>\n\t\t\t\t<\/div>\n\t\t\t\t\t<\/div>\n\t\t<\/div>\n\t\t\t\t\t<\/div>\n\t\t<\/section>\n\t\t\t\t<section class=\"elementor-section elementor-top-section elementor-element elementor-element-6f14da4 elementor-section-boxed elementor-section-height-default elementor-section-height-default\" data-id=\"6f14da4\" data-element_type=\"section\" data-e-type=\"section\">\n\t\t\t\t\t\t<div class=\"elementor-container elementor-column-gap-default\">\n\t\t\t\t\t<div class=\"elementor-column elementor-col-100 elementor-top-column elementor-element elementor-element-39c747c\" data-id=\"39c747c\" data-element_type=\"column\" data-e-type=\"column\">\n\t\t\t<div class=\"elementor-widget-wrap elementor-element-populated\">\n\t\t\t\t\t\t<div class=\"elementor-element elementor-element-7a42781 elementor-widget elementor-widget-spacer\" data-id=\"7a42781\" data-element_type=\"widget\" data-e-type=\"widget\" data-widget_type=\"spacer.default\">\n\t\t\t\t<div class=\"elementor-widget-container\">\n\t\t\t\t\t\t\t<div class=\"elementor-spacer\">\n\t\t\t<div class=\"elementor-spacer-inner\"><\/div>\n\t\t<\/div>\n\t\t\t\t\t\t<\/div>\n\t\t\t\t<\/div>\n\t\t\t\t\t<\/div>\n\t\t<\/div>\n\t\t\t\t\t<\/div>\n\t\t<\/section>\n\t\t\t\t<\/div>\n\t\t","protected":false},"excerpt":{"rendered":"<p>HISTORIA M\u00e1s de 40 a\u00f1os fabricando sistemas de escape para OEM y posventa Industrias Doker S.A.,\u00a0 \u00a0 \u00a0 \u00a0 \u00a0 \u00a0 \u00a0 Su antecesor, fue el fabricante l\u00edder del mercado en las d\u00e9cadas de los 80 y 90.\u00a0 \u00a0 \u00a0 \u00a0 \u00a0 \u00a0 \u00a0 \u00a0 \u00a0 \u00a0 \u00a0 \u00a0 \u00a0&hellip;<\/p>\n","protected":false},"author":1,"featured_media":0,"parent":0,"menu_order":0,"comment_status":"closed","ping_status":"closed","template":"","meta":{"_eb_attr":"","footnotes":""},"class_list":["post-39","page","type-page","status-publish","hentry"],"_links":{"self":[{"href":"https:\/\/krusco.com.ve\/index.php\/wp-json\/wp\/v2\/pages\/39","targetHints":{"allow":["GET"]}}],"collection":[{"href":"https:\/\/krusco.com.ve\/index.php\/wp-json\/wp\/v2\/pages"}],"about":[{"href":"https:\/\/krusco.com.ve\/index.php\/wp-json\/wp\/v2\/types\/page"}],"author":[{"embeddable":true,"href":"https:\/\/krusco.com.ve\/index.php\/wp-json\/wp\/v2\/users\/1"}],"replies":[{"embeddable":true,"href":"https:\/\/krusco.com.ve\/index.php\/wp-json\/wp\/v2\/comments?post=39"}],"version-history":[{"count":28,"href":"https:\/\/krusco.com.ve\/index.php\/wp-json\/wp\/v2\/pages\/39\/revisions"}],"predecessor-version":[{"id":448,"href":"https:\/\/krusco.com.ve\/index.php\/wp-json\/wp\/v2\/pages\/39\/revisions\/448"}],"wp:attachment":[{"href":"https:\/\/krusco.com.ve\/index.php\/wp-json\/wp\/v2\/media?parent=39"}],"curies":[{"name":"wp","href":"https:\/\/api.w.org\/{rel}","templated":true}]}}